{"id":120,"date":"2026-01-01T19:40:39","date_gmt":"2026-01-01T18:40:39","guid":{"rendered":"https:\/\/www.martin-plass.de\/?page_id=120"},"modified":"2026-01-25T13:51:15","modified_gmt":"2026-01-25T12:51:15","slug":"wer-und-was-und-warum-denn-eigentlich","status":"publish","type":"page","link":"https:\/\/www.martin-plass.de\/index.php\/wer-und-was-und-warum-denn-eigentlich\/","title":{"rendered":"Wer und was und warum denn eigentlich?"},"content":{"rendered":"\n<h2 class=\"wp-block-heading\">Wer und was und warum denn eigentlich?<\/h2>\n\n\n\n<p class=\"has-medium-font-size\">Martin, born and raised in Wiesbaden und &#8211; da kommen wir auch schon zur ersten Irritation &#8211; dortselbst auch immer noch lebend. Was weniger \u00fcbertriebener Heimatverbundenheit als dem Lauf des Lebens in den vergangenen Jahrzehnten zu danken ist. (Obwohl Wiesbaden und insbesondere mein Viertel wirklich auch sehr lebenswert ist!)<br>Mein derzeitiger Broterwerb wurde mir nicht an der Wiege gesungen, ich bin da mehr so reingestolpert, habe mich dann da aber ganz wohlgef\u00fchlt und eingerichtet. Von Beginn meiner Schauspielerei bis 2020 war ich ausschlie\u00dflich &#8222;frei&#8220; t\u00e4tig, also an keinem Theater fest angestellt, habe nebenbei noch diverse Unternehmungen gestartet, die alle &#8222;irgendwie&#8220; mit Schauspielen zu tun hatten. Haltestellen meines beruflichen Lebens waren u.a. die Er\u00f6ffnung eines Cafe\/Kneipenbetriebs mit 10 Kollektivist*innen (1984!), dann Schauspielschule, dann Tournee- und andere Theater, immer mal wieder ein paar Drehtage, immer wieder und sehr gerne Sprecherjobs f\u00fcr TV und Funk, Kurierdienstfahrer, Inhaber eines B\u00fcros f\u00fcr kreative Begleiterscheinungen, Dozent und schlie\u00dflich Leiter einer Schauspielschule, Dozent an einer Uni und erst dann &#8211; nach diversen Gastvertr\u00e4gen, die dem Haus auf die Dauer wohl zu kostspielig wurden &#8211; das unerwartete Angebot eines Festengagements (was ganz praktisch war, weil Corona gerade alle Schauspieljobs f\u00fcr &#8222;Freie&#8220; aufgefressen hatte. Ich habe die Anfrage nach einigem Z\u00f6gern und nur ganz wenig Druck meiner geliebten Familie dankend angenommen). Seit 2020 also &#8222;fest&#8220; am Haus. <\/p>\n\n\n\n<p><\/p>\n\n\n\n<p class=\"has-medium-font-size\">Neben meinem Engagement am Wiesbadener Staatstheater unterrichte ich sehr engagiert (weil extrem gerne!) in meinem <strong><a href=\"https:\/\/www.martin-plass.de\/index.php\/spielraum\/\" data-type=\"page\" data-id=\"290\">spielraum.martinplass<\/a><\/strong>, in erster Linie Textgestaltung und Mikrofonsprechen, aber auch Rollenarbeit, biete Unterst\u00fctzung und Aufzeichnung von eCastings und sogenannten &#8222;about me&#8220;-Videos an.<\/p>\n\n\n\n<p class=\"has-medium-font-size\">Falls Du Lust hast, in einer der genannten Richtungen etwas mit mir zu probieren (oder falls du eine geniale Idee hast, auf die ich selbst noch nicht gekommen bin), schreib mir gerne!<\/p>\n\n\n\n<p class=\"has-medium-font-size\"><\/p>\n\n\n\n<p><\/p>\n","protected":false},"excerpt":{"rendered":"<p>Wer und was und warum denn eigentlich? Martin, born and raised in Wiesbaden [&hellip;]<\/p>\n","protected":false},"author":4,"featured_media":406,"parent":0,"menu_order":2,"comment_status":"closed","ping_status":"closed","template":"","meta":{"footnotes":""},"class_list":["post-120","page","type-page","status-publish","has-post-thumbnail","hentry"],"_links":{"self":[{"href":"https:\/\/www.martin-plass.de\/index.php\/wp-json\/wp\/v2\/pages\/120","targetHints":{"allow":["GET"]}}],"collection":[{"href":"https:\/\/www.martin-plass.de\/index.php\/wp-json\/wp\/v2\/pages"}],"about":[{"href":"https:\/\/www.martin-plass.de\/index.php\/wp-json\/wp\/v2\/types\/page"}],"author":[{"embeddable":true,"href":"https:\/\/www.martin-plass.de\/index.php\/wp-json\/wp\/v2\/users\/4"}],"replies":[{"embeddable":true,"href":"https:\/\/www.martin-plass.de\/index.php\/wp-json\/wp\/v2\/comments?post=120"}],"version-history":[{"count":7,"href":"https:\/\/www.martin-plass.de\/index.php\/wp-json\/wp\/v2\/pages\/120\/revisions"}],"predecessor-version":[{"id":1100,"href":"https:\/\/www.martin-plass.de\/index.php\/wp-json\/wp\/v2\/pages\/120\/revisions\/1100"}],"wp:featuredmedia":[{"embeddable":true,"href":"https:\/\/www.martin-plass.de\/index.php\/wp-json\/wp\/v2\/media\/406"}],"wp:attachment":[{"href":"https:\/\/www.martin-plass.de\/index.php\/wp-json\/wp\/v2\/media?parent=120"}],"curies":[{"name":"wp","href":"https:\/\/api.w.org\/{rel}","templated":true}]}}